{"id":561,"date":"2025-06-11T09:31:04","date_gmt":"2025-06-11T07:31:04","guid":{"rendered":"https:\/\/montserratvinyets.cat\/zona\/"},"modified":"2025-06-18T10:16:43","modified_gmt":"2025-06-18T08:16:43","slug":"zona","status":"publish","type":"page","link":"https:\/\/montserratvinyets.cat\/es\/zona\/","title":{"rendered":"Zona"},"content":{"rendered":"\t\t<div data-elementor-type=\"wp-page\" data-elementor-id=\"561\" class=\"elementor elementor-561\" data-elementor-post-type=\"page\">\n\t\t\t\t<div class=\"elementor-element elementor-element-3099f75 e-con-full e-flex e-con e-parent\" data-id=\"3099f75\" data-element_type=\"container\" data-settings=\"{&quot;background_background&quot;:&quot;classic&quot;}\">\n\t\t<div class=\"elementor-element elementor-element-d2bf495 e-flex e-con-boxed e-con e-child\" data-id=\"d2bf495\" data-element_type=\"container\">\n\t\t\t\t\t<div class=\"e-con-inner\">\n\t\t\t\t<div class=\"elementor-element elementor-element-6a5f851 elementor-widget elementor-widget-heading\" data-id=\"6a5f851\" data-element_type=\"widget\" data-widget_type=\"heading.default\">\n\t\t\t\t<div class=\"elementor-widget-container\">\n\t\t\t\t\t<h1 class=\"elementor-heading-title elementor-size-default\">Servicios legales en Girona y en el Montseny<\/h1>\t\t\t\t<\/div>\n\t\t\t\t<\/div>\n\t\t\t\t\t<\/div>\n\t\t\t\t<\/div>\n\t\t\t\t<\/div>\n\t\t<div class=\"elementor-element elementor-element-3b86c53 e-con-full e-flex e-con e-parent\" data-id=\"3b86c53\" data-element_type=\"container\" data-settings=\"{&quot;background_background&quot;:&quot;classic&quot;}\">\n\t\t<div class=\"elementor-element elementor-element-ded6701 e-con-full e-flex e-con e-child\" data-id=\"ded6701\" data-element_type=\"container\">\n\t\t\t\t<div class=\"elementor-element elementor-element-66c3253 elementor-widget elementor-widget-heading\" data-id=\"66c3253\" data-element_type=\"widget\" data-widget_type=\"heading.default\">\n\t\t\t\t<div class=\"elementor-widget-container\">\n\t\t\t\t\t<h2 class=\"elementor-heading-title elementor-size-default\">Asesoramiento y representaci\u00f3n jur\u00eddica adaptada a las necesidades locales<\/h2>\t\t\t\t<\/div>\n\t\t\t\t<\/div>\n\t\t\t\t<div class=\"elementor-element elementor-element-8e20d66 elementor-widget elementor-widget-text-editor\" data-id=\"8e20d66\" data-element_type=\"widget\" data-widget_type=\"text-editor.default\">\n\t\t\t\t<div class=\"elementor-widget-container\">\n\t\t\t\t\t\t\t\t\t<p>Ofrecemos servicios de asesoramiento y representaci\u00f3n jur\u00eddica especializados en derecho penal y derecho civil, con atenci\u00f3n personalizada y cercana. Conocemos en profundidad las particularidades legales y sociales de Girona y el Montseny, lo que nos permite ofrecer soluciones eficientes y adaptadas a cada caso. Trabajamos con el m\u00e1ximo rigor y compromiso por defender los derechos de nuestros clientes, tanto en el \u00e1mbito judicial como extrajudicial.<\/p>\t\t\t\t\t\t\t\t<\/div>\n\t\t\t\t<\/div>\n\t\t\t\t<\/div>\n\t\t\t\t<\/div>\n\t\t<div class=\"elementor-element elementor-element-805d733 e-con-full e-flex e-con e-parent\" data-id=\"805d733\" data-element_type=\"container\">\n\t\t<div class=\"elementor-element elementor-element-2808d35 e-con-full e-flex e-con e-child\" data-id=\"2808d35\" data-element_type=\"container\">\n\t\t\t\t<div class=\"elementor-element elementor-element-c2f6521 elementor-widget elementor-widget-heading\" data-id=\"c2f6521\" data-element_type=\"widget\" data-widget_type=\"heading.default\">\n\t\t\t\t<div class=\"elementor-widget-container\">\n\t\t\t\t\t<h3 class=\"elementor-heading-title elementor-size-default\">Girona<\/h3>\t\t\t\t<\/div>\n\t\t\t\t<\/div>\n\t\t\t\t<div class=\"elementor-element elementor-element-81e3a4d elementor-widget elementor-widget-text-editor\" data-id=\"81e3a4d\" data-element_type=\"widget\" data-widget_type=\"text-editor.default\">\n\t\t\t\t<div class=\"elementor-widget-container\">\n\t\t\t\t\t\t\t\t\t<p>En Girona, trabajamos con amplia experiencia en el \u00e1mbito judicial local, con conocimiento de los procedimientos y din\u00e1micas propias de los juzgados de la zona. Ofrecemos un servicio cercano y eficiente para cuestiones relacionadas con el derecho civil \u2013como herencias, arrendamientos o responsabilidad civil\u2013 y el derecho penal, dando respuesta \u00e1gil y clara a cada situaci\u00f3n.<\/p>\t\t\t\t\t\t\t\t<\/div>\n\t\t\t\t<\/div>\n\t\t\t\t<\/div>\n\t\t<div class=\"elementor-element elementor-element-65f7ae3 e-con-full e-flex e-con e-child\" data-id=\"65f7ae3\" data-element_type=\"container\">\n\t\t\t\t<div class=\"elementor-element elementor-element-e287a80 elementor-widget elementor-widget-image\" data-id=\"e287a80\" data-element_type=\"widget\" data-widget_type=\"image.default\">\n\t\t\t\t<div class=\"elementor-widget-container\">\n\t\t\t\t\t\t\t\t\t\t\t\t\t\t\t<img fetchpriority=\"high\" decoding=\"async\" width=\"1790\" height=\"2560\" src=\"https:\/\/montserratvinyets.cat\/wp-content\/uploads\/2025\/06\/pintoresca-vista-de-girona-en-dia-soleado-1-scaled.jpg\" class=\"attachment-full size-full wp-image-556\" alt=\"\" srcset=\"https:\/\/montserratvinyets.cat\/wp-content\/uploads\/2025\/06\/pintoresca-vista-de-girona-en-dia-soleado-1-scaled.jpg 1790w, https:\/\/montserratvinyets.cat\/wp-content\/uploads\/2025\/06\/pintoresca-vista-de-girona-en-dia-soleado-1-210x300.jpg 210w, https:\/\/montserratvinyets.cat\/wp-content\/uploads\/2025\/06\/pintoresca-vista-de-girona-en-dia-soleado-1-716x1024.jpg 716w, https:\/\/montserratvinyets.cat\/wp-content\/uploads\/2025\/06\/pintoresca-vista-de-girona-en-dia-soleado-1-768x1098.jpg 768w, https:\/\/montserratvinyets.cat\/wp-content\/uploads\/2025\/06\/pintoresca-vista-de-girona-en-dia-soleado-1-1074x1536.jpg 1074w, https:\/\/montserratvinyets.cat\/wp-content\/uploads\/2025\/06\/pintoresca-vista-de-girona-en-dia-soleado-1-1432x2048.jpg 1432w\" sizes=\"(max-width: 1790px) 100vw, 1790px\" \/>\t\t\t\t\t\t\t\t\t\t\t\t\t\t\t<\/div>\n\t\t\t\t<\/div>\n\t\t\t\t<\/div>\n\t\t\t\t<\/div>\n\t\t<div class=\"elementor-element elementor-element-7aa0987 e-con-full e-flex e-con e-parent\" data-id=\"7aa0987\" data-element_type=\"container\">\n\t\t<div class=\"elementor-element elementor-element-c8c88c4 e-con-full e-flex e-con e-child\" data-id=\"c8c88c4\" data-element_type=\"container\">\n\t\t\t\t<div class=\"elementor-element elementor-element-2f969b3 elementor-widget elementor-widget-heading\" data-id=\"2f969b3\" data-element_type=\"widget\" data-widget_type=\"heading.default\">\n\t\t\t\t<div class=\"elementor-widget-container\">\n\t\t\t\t\t<h3 class=\"elementor-heading-title elementor-size-default\">Montseny<\/h3>\t\t\t\t<\/div>\n\t\t\t\t<\/div>\n\t\t\t\t<div class=\"elementor-element elementor-element-65e9890 elementor-widget elementor-widget-text-editor\" data-id=\"65e9890\" data-element_type=\"widget\" data-widget_type=\"text-editor.default\">\n\t\t\t\t<div class=\"elementor-widget-container\">\n\t\t\t\t\t\t\t\t\t<p>En Montseny, entendemos la realidad espec\u00edfica del territorio y de sus habitantes. Brindamos asesoramiento jur\u00eddico de calidad teniendo en cuenta las necesidades del mundo rural y residencial, con especial atenci\u00f3n a conflictos civiles y situaciones penales que requieren proximidad, sensibilidad y conocimiento local. Apostamos por una relaci\u00f3n de confianza y por una defensa legal s\u00f3lida y accesible.<\/p>\t\t\t\t\t\t\t\t<\/div>\n\t\t\t\t<\/div>\n\t\t\t\t<\/div>\n\t\t<div class=\"elementor-element elementor-element-b50f7bf e-con-full e-flex e-con e-child\" data-id=\"b50f7bf\" data-element_type=\"container\">\n\t\t\t\t<div class=\"elementor-element elementor-element-10587d8 elementor-widget elementor-widget-image\" data-id=\"10587d8\" data-element_type=\"widget\" data-widget_type=\"image.default\">\n\t\t\t\t<div class=\"elementor-widget-container\">\n\t\t\t\t\t\t\t\t\t\t\t\t\t\t\t<img decoding=\"async\" width=\"715\" height=\"718\" src=\"https:\/\/montserratvinyets.cat\/wp-content\/uploads\/2025\/06\/image.png\" class=\"attachment-full size-full wp-image-555\" alt=\"\" srcset=\"https:\/\/montserratvinyets.cat\/wp-content\/uploads\/2025\/06\/image.png 715w, https:\/\/montserratvinyets.cat\/wp-content\/uploads\/2025\/06\/image-300x300.png 300w, https:\/\/montserratvinyets.cat\/wp-content\/uploads\/2025\/06\/image-150x150.png 150w\" sizes=\"(max-width: 715px) 100vw, 715px\" \/>\t\t\t\t\t\t\t\t\t\t\t\t\t\t\t<\/div>\n\t\t\t\t<\/div>\n\t\t\t\t<\/div>\n\t\t\t\t<\/div>\n\t\t\t\t<\/div>\n\t\t","protected":false},"excerpt":{"rendered":"<p>Servicios legales en Girona y en el Montseny Asesoramiento y representaci\u00f3n jur\u00eddica adaptada a las necesidades locales Ofrecemos servicios de asesoramiento y representaci\u00f3n jur\u00eddica especializados en derecho penal y derecho civil, con atenci\u00f3n personalizada y cercana. Conocemos en profundidad las particularidades legales y sociales de Girona y el Montseny, lo que nos permite ofrecer soluciones [&hellip;]<\/p>\n","protected":false},"author":1,"featured_media":525,"parent":0,"menu_order":0,"comment_status":"closed","ping_status":"closed","template":"","meta":{"footnotes":""},"class_list":["post-561","page","type-page","status-publish","has-post-thumbnail","hentry"],"yoast_head":"<!-- This site is optimized with the Yoast SEO plugin v26.2 - https:\/\/yoast.com\/wordpress\/plugins\/seo\/ -->\n<title>Servicios legales en Girona y Montseny - Montserrat Vinyets<\/title>\n<meta name=\"description\" content=\"Servicios legales en Girona y Montseny en derecho penal y civil. Asesoramiento y representaci\u00f3n jur\u00eddica y con conocimiento local.\" \/>\n<meta name=\"robots\" content=\"index, follow, max-snippet:-1, max-image-preview:large, max-video-preview:-1\" \/>\n<link rel=\"canonical\" href=\"https:\/\/montserratvinyets.cat\/es\/zona\/\" \/>\n<meta property=\"og:locale\" content=\"es_ES\" \/>\n<meta property=\"og:type\" content=\"article\" \/>\n<meta property=\"og:title\" content=\"Servicios legales en Girona y Montseny - Montserrat Vinyets\" \/>\n<meta property=\"og:description\" content=\"Servicios legales en Girona y Montseny en derecho penal y civil. Asesoramiento y representaci\u00f3n jur\u00eddica y con conocimiento local.\" \/>\n<meta property=\"og:url\" content=\"https:\/\/montserratvinyets.cat\/es\/zona\/\" \/>\n<meta property=\"og:site_name\" content=\"Montserrat Vinyets\" \/>\n<meta property=\"article:modified_time\" content=\"2025-06-18T08:16:43+00:00\" \/>\n<meta property=\"og:image\" content=\"https:\/\/montserratvinyets.cat\/wp-content\/uploads\/2025\/05\/65a6d0f39654493e6f6d356c37254a68c4f3df66-1024x682.png\" \/>\n\t<meta property=\"og:image:width\" content=\"1024\" \/>\n\t<meta property=\"og:image:height\" content=\"682\" \/>\n\t<meta property=\"og:image:type\" content=\"image\/png\" \/>\n<meta name=\"twitter:card\" content=\"summary_large_image\" \/>\n<meta name=\"twitter:label1\" content=\"Tiempo de lectura\" \/>\n\t<meta name=\"twitter:data1\" content=\"1 minuto\" \/>\n<script type=\"application\/ld+json\" class=\"yoast-schema-graph\">{\"@context\":\"https:\/\/schema.org\",\"@graph\":[{\"@type\":\"WebPage\",\"@id\":\"https:\/\/montserratvinyets.cat\/es\/zona\/\",\"url\":\"https:\/\/montserratvinyets.cat\/es\/zona\/\",\"name\":\"Servicios legales en Girona y Montseny - Montserrat Vinyets\",\"isPartOf\":{\"@id\":\"https:\/\/montserratvinyets.cat\/es\/#website\"},\"primaryImageOfPage\":{\"@id\":\"https:\/\/montserratvinyets.cat\/es\/zona\/#primaryimage\"},\"image\":{\"@id\":\"https:\/\/montserratvinyets.cat\/es\/zona\/#primaryimage\"},\"thumbnailUrl\":\"https:\/\/montserratvinyets.cat\/wp-content\/uploads\/2025\/05\/65a6d0f39654493e6f6d356c37254a68c4f3df66.png\",\"datePublished\":\"2025-06-11T07:31:04+00:00\",\"dateModified\":\"2025-06-18T08:16:43+00:00\",\"description\":\"Servicios legales en Girona y Montseny en derecho penal y civil. Asesoramiento y representaci\u00f3n jur\u00eddica y con conocimiento local.\",\"breadcrumb\":{\"@id\":\"https:\/\/montserratvinyets.cat\/es\/zona\/#breadcrumb\"},\"inLanguage\":\"es\",\"potentialAction\":[{\"@type\":\"ReadAction\",\"target\":[\"https:\/\/montserratvinyets.cat\/es\/zona\/\"]}]},{\"@type\":\"ImageObject\",\"inLanguage\":\"es\",\"@id\":\"https:\/\/montserratvinyets.cat\/es\/zona\/#primaryimage\",\"url\":\"https:\/\/montserratvinyets.cat\/wp-content\/uploads\/2025\/05\/65a6d0f39654493e6f6d356c37254a68c4f3df66.png\",\"contentUrl\":\"https:\/\/montserratvinyets.cat\/wp-content\/uploads\/2025\/05\/65a6d0f39654493e6f6d356c37254a68c4f3df66.png\",\"width\":2000,\"height\":1333},{\"@type\":\"BreadcrumbList\",\"@id\":\"https:\/\/montserratvinyets.cat\/es\/zona\/#breadcrumb\",\"itemListElement\":[{\"@type\":\"ListItem\",\"position\":1,\"name\":\"Inici\",\"item\":\"https:\/\/montserratvinyets.cat\/es\/\"},{\"@type\":\"ListItem\",\"position\":2,\"name\":\"Zona\"}]},{\"@type\":\"WebSite\",\"@id\":\"https:\/\/montserratvinyets.cat\/es\/#website\",\"url\":\"https:\/\/montserratvinyets.cat\/es\/\",\"name\":\"Montserrat Vinyets. Advocada\",\"description\":\"Advocada especialista en dret penal i civil\",\"publisher\":{\"@id\":\"https:\/\/montserratvinyets.cat\/es\/#organization\"},\"potentialAction\":[{\"@type\":\"SearchAction\",\"target\":{\"@type\":\"EntryPoint\",\"urlTemplate\":\"https:\/\/montserratvinyets.cat\/es\/?s={search_term_string}\"},\"query-input\":{\"@type\":\"PropertyValueSpecification\",\"valueRequired\":true,\"valueName\":\"search_term_string\"}}],\"inLanguage\":\"es\"},{\"@type\":\"Organization\",\"@id\":\"https:\/\/montserratvinyets.cat\/es\/#organization\",\"name\":\"Montserrat Vinyets\",\"url\":\"https:\/\/montserratvinyets.cat\/es\/\",\"logo\":{\"@type\":\"ImageObject\",\"inLanguage\":\"es\",\"@id\":\"https:\/\/montserratvinyets.cat\/es\/#\/schema\/logo\/image\/\",\"url\":\"https:\/\/montserratvinyets.cat\/wp-content\/uploads\/2025\/05\/d596c845fc5eb5f962d6827bb78852fd.png\",\"contentUrl\":\"https:\/\/montserratvinyets.cat\/wp-content\/uploads\/2025\/05\/d596c845fc5eb5f962d6827bb78852fd.png\",\"width\":133,\"height\":135,\"caption\":\"Montserrat Vinyets\"},\"image\":{\"@id\":\"https:\/\/montserratvinyets.cat\/es\/#\/schema\/logo\/image\/\"}}]}<\/script>\n<!-- \/ Yoast SEO plugin. -->","yoast_head_json":{"title":"Servicios legales en Girona y Montseny - Montserrat Vinyets","description":"Servicios legales en Girona y Montseny en derecho penal y civil. Asesoramiento y representaci\u00f3n jur\u00eddica y con conocimiento local.","robots":{"index":"index","follow":"follow","max-snippet":"max-snippet:-1","max-image-preview":"max-image-preview:large","max-video-preview":"max-video-preview:-1"},"canonical":"https:\/\/montserratvinyets.cat\/es\/zona\/","og_locale":"es_ES","og_type":"article","og_title":"Servicios legales en Girona y Montseny - Montserrat Vinyets","og_description":"Servicios legales en Girona y Montseny en derecho penal y civil. Asesoramiento y representaci\u00f3n jur\u00eddica y con conocimiento local.","og_url":"https:\/\/montserratvinyets.cat\/es\/zona\/","og_site_name":"Montserrat Vinyets","article_modified_time":"2025-06-18T08:16:43+00:00","og_image":[{"width":1024,"height":682,"url":"https:\/\/montserratvinyets.cat\/wp-content\/uploads\/2025\/05\/65a6d0f39654493e6f6d356c37254a68c4f3df66-1024x682.png","type":"image\/png"}],"twitter_card":"summary_large_image","twitter_misc":{"Tiempo de lectura":"1 minuto"},"schema":{"@context":"https:\/\/schema.org","@graph":[{"@type":"WebPage","@id":"https:\/\/montserratvinyets.cat\/es\/zona\/","url":"https:\/\/montserratvinyets.cat\/es\/zona\/","name":"Servicios legales en Girona y Montseny - Montserrat Vinyets","isPartOf":{"@id":"https:\/\/montserratvinyets.cat\/es\/#website"},"primaryImageOfPage":{"@id":"https:\/\/montserratvinyets.cat\/es\/zona\/#primaryimage"},"image":{"@id":"https:\/\/montserratvinyets.cat\/es\/zona\/#primaryimage"},"thumbnailUrl":"https:\/\/montserratvinyets.cat\/wp-content\/uploads\/2025\/05\/65a6d0f39654493e6f6d356c37254a68c4f3df66.png","datePublished":"2025-06-11T07:31:04+00:00","dateModified":"2025-06-18T08:16:43+00:00","description":"Servicios legales en Girona y Montseny en derecho penal y civil. Asesoramiento y representaci\u00f3n jur\u00eddica y con conocimiento local.","breadcrumb":{"@id":"https:\/\/montserratvinyets.cat\/es\/zona\/#breadcrumb"},"inLanguage":"es","potentialAction":[{"@type":"ReadAction","target":["https:\/\/montserratvinyets.cat\/es\/zona\/"]}]},{"@type":"ImageObject","inLanguage":"es","@id":"https:\/\/montserratvinyets.cat\/es\/zona\/#primaryimage","url":"https:\/\/montserratvinyets.cat\/wp-content\/uploads\/2025\/05\/65a6d0f39654493e6f6d356c37254a68c4f3df66.png","contentUrl":"https:\/\/montserratvinyets.cat\/wp-content\/uploads\/2025\/05\/65a6d0f39654493e6f6d356c37254a68c4f3df66.png","width":2000,"height":1333},{"@type":"BreadcrumbList","@id":"https:\/\/montserratvinyets.cat\/es\/zona\/#breadcrumb","itemListElement":[{"@type":"ListItem","position":1,"name":"Inici","item":"https:\/\/montserratvinyets.cat\/es\/"},{"@type":"ListItem","position":2,"name":"Zona"}]},{"@type":"WebSite","@id":"https:\/\/montserratvinyets.cat\/es\/#website","url":"https:\/\/montserratvinyets.cat\/es\/","name":"Montserrat Vinyets. Advocada","description":"Advocada especialista en dret penal i civil","publisher":{"@id":"https:\/\/montserratvinyets.cat\/es\/#organization"},"potentialAction":[{"@type":"SearchAction","target":{"@type":"EntryPoint","urlTemplate":"https:\/\/montserratvinyets.cat\/es\/?s={search_term_string}"},"query-input":{"@type":"PropertyValueSpecification","valueRequired":true,"valueName":"search_term_string"}}],"inLanguage":"es"},{"@type":"Organization","@id":"https:\/\/montserratvinyets.cat\/es\/#organization","name":"Montserrat Vinyets","url":"https:\/\/montserratvinyets.cat\/es\/","logo":{"@type":"ImageObject","inLanguage":"es","@id":"https:\/\/montserratvinyets.cat\/es\/#\/schema\/logo\/image\/","url":"https:\/\/montserratvinyets.cat\/wp-content\/uploads\/2025\/05\/d596c845fc5eb5f962d6827bb78852fd.png","contentUrl":"https:\/\/montserratvinyets.cat\/wp-content\/uploads\/2025\/05\/d596c845fc5eb5f962d6827bb78852fd.png","width":133,"height":135,"caption":"Montserrat Vinyets"},"image":{"@id":"https:\/\/montserratvinyets.cat\/es\/#\/schema\/logo\/image\/"}}]}},"_links":{"self":[{"href":"https:\/\/montserratvinyets.cat\/es\/wp-json\/wp\/v2\/pages\/561","targetHints":{"allow":["GET"]}}],"collection":[{"href":"https:\/\/montserratvinyets.cat\/es\/wp-json\/wp\/v2\/pages"}],"about":[{"href":"https:\/\/montserratvinyets.cat\/es\/wp-json\/wp\/v2\/types\/page"}],"author":[{"embeddable":true,"href":"https:\/\/montserratvinyets.cat\/es\/wp-json\/wp\/v2\/users\/1"}],"replies":[{"embeddable":true,"href":"https:\/\/montserratvinyets.cat\/es\/wp-json\/wp\/v2\/comments?post=561"}],"version-history":[{"count":13,"href":"https:\/\/montserratvinyets.cat\/es\/wp-json\/wp\/v2\/pages\/561\/revisions"}],"predecessor-version":[{"id":770,"href":"https:\/\/montserratvinyets.cat\/es\/wp-json\/wp\/v2\/pages\/561\/revisions\/770"}],"wp:featuredmedia":[{"embeddable":true,"href":"https:\/\/montserratvinyets.cat\/es\/wp-json\/wp\/v2\/media\/525"}],"wp:attachment":[{"href":"https:\/\/montserratvinyets.cat\/es\/wp-json\/wp\/v2\/media?parent=561"}],"curies":[{"name":"wp","href":"https:\/\/api.w.org\/{rel}","templated":true}]}}