{"id":585,"date":"2025-05-07T13:47:29","date_gmt":"2025-05-07T11:47:29","guid":{"rendered":"https:\/\/montserratvinyets.cat\/?page_id=585"},"modified":"2025-10-10T12:58:07","modified_gmt":"2025-10-10T10:58:07","slug":"privacy-policy","status":"publish","type":"page","link":"https:\/\/montserratvinyets.cat\/es\/privacy-policy\/","title":{"rendered":"Privacy Policy"},"content":{"rendered":"\n<h2 class=\"wp-block-heading\">Who we are<\/h2>\n\n<p><strong class=\"privacy-policy-tutorial\">Sugested text:<\/strong> Our website address is: https:\/\/montserratvinyets.cat.<\/p>\n\n<h2 class=\"wp-block-heading\">Comments<\/h2>\n\n<p><strong class=\"privacy-policy-tutorial\">Sugerido texto:<\/strong> Los visitantes lean comentarios en el sitio de la colecci\u00f3n de fechas se muestran en los comentarios completos, y tambi\u00e9n en los visitores de IP adress y navegador de usuario agente de string para obtener detecci\u00f3n de spam.<\/p>\n\n<p>Anonymized string created from your e-mail address (alas called a hash) puede ser providido a la grabaci\u00f3n de servicio para obtener y se puede utilizar. The Gravatar service privacy policy es disponible here: https:\/\/automattic.com\/privacy\/. After approval de su comentario, su profile de imagen es visible en el p\u00fablico en el contexto de su comentario.<\/p>\n\n<h2 class=\"wp-block-heading\">Media<\/h2>\n\n<p><strong class=\"privacy-policy-tutorial\">Sugerido texto:<\/strong> Cuando upload images en el sitio web, puedes avoid uploading images with embedded location data (EXIF GPS) included. Visitores para el sitio web se puede descargar y extraer el a\u00f1o para fecha de im\u00e1genes en el sitio web.<\/p>\n\n<h2 class=\"wp-block-heading\">Cookies<\/h2>\n\n<p><strong class=\"privacy-policy-tutorial\">Sugerido texto:<\/strong> If you leave a comment en nuestro sitio yoy opte por saving mi name, email address y website en cookies. There are for your convenience son que el no puede tener hijo en tu detalle again when you leave another comment. Las cookies se deben a un a\u00f1o.<\/p>\n\n<p>Has visitado la p\u00e1gina web, que ha sido instalada en una cookie temprana para determinar y su navegador acepta cookies. Estas cookies no son personales personalizadas y se discardan cuando se close su navegador.<\/p>\n\n<p>Para que se encuentren, se pueden instalar en su serio cookies para saber su informaci\u00f3n de informaci\u00f3n y su pantalla de display. Login cookies last para 2 d\u00edas, y se crean opciones cookies last para year. Para seleccionar \u201cRemember Me\u201d, su nombre de usuario est\u00e1 persistente para dos weeks. Cuando usted consiga un account, las logines cookies deben removerse.<\/p>\n\n<p>Cuando edit\u00f3 o publishe un art\u00edculo, una adici\u00f3n de cookie debe estar savedada en su navegador. Esta cookie incluye no personal fecha y simplemente indica el post ID de art\u00edculo y justo editado. It expiras after 1 day.<\/p>\n\n<h2 class=\"wp-block-heading\">Embedded content from other websites<\/h2>\n\n<p><strong class=\"privacy-policy-tutorial\">Sugerido texto:<\/strong> Art\u00edculos donde este sitio include embedded content (eg videos, im\u00e1genes, art\u00edculos, etc.). Embedded content from other websites behaves en el exacto de la misma manera que el visitante ha visitado el other website.<\/p>\n\n<p>Thes website collect data sobre tu, use cookies, embeded adicional third-party tracking, y monitor su interacci\u00f3n s that embedded content, including tracking your interacci\u00f3n s embedded content you have account and logged in to web.<\/p>\n\n<h2 class=\"wp-block-heading\">Who we share your data with<\/h2>\n\n<p><strong class=\"privacy-policy-tutorial\">Sugerido texto:<\/strong> Cuando requiera un password reset, su IP address se incluye en el reset email.<\/p>\n\n<h2 class=\"wp-block-heading\">How long we retain your data<\/h2>\n\n<p><strong class=\"privacy-policy-tutorial\">Sugerido texto:<\/strong> Cuando leave comment, el comentario y su metadata se retained indefinitely. Este es un recognize y approve a\u00f1o.<\/p>\n\n<p>Los usuarios que registran en nuestro sitio web (y al a\u00f1o), tambi\u00e9n tienen el personal de informaci\u00f3n que providen en sus usuarios profile. All users can see, edit, or delete their personal information at any time (excepto they cannot change their username). Website administrators can tambi\u00e9n see and edit that information.<\/p>\n\n<h2 class=\"wp-block-heading\">What rights you have over your data<\/h2>\n\n<p><strong class=\"privacy-policy-tutorial\">Sugerido texto:<\/strong> Cuando usted ha accedido a este sitio, o ha cometido m\u00e1s, yo puede requerir el recibo en exportar archivos de la personalidad de la fecha que se hallado en tu, incluyendo el a\u00f1o de fecha y ha sido providado por usted. You can also request that we erase a\u00f1o personal fecha we hold about you. Estas no incluyen a\u00f1o a fecha que se obligar\u00e1n a administrar, legal, o seguridad purposas.<\/p>\n\n<h2 class=\"wp-block-heading\">Where your data is siente<\/h2>\n\n<p><strong class=\"privacy-policy-tutorial\">Sugested text:<\/strong> Visitor comments puede ser checked through automated spam detection service.<\/p>\n","protected":false},"excerpt":{"rendered":"<p>Who we are Sugested text: Our website address is: https:\/\/montserratvinyets.cat. Comments Sugerido texto: Los visitantes lean comentarios en el sitio de la colecci\u00f3n de fechas se muestran en los comentarios completos, y tambi\u00e9n en los visitores de IP adress y navegador de usuario agente de string para obtener detecci\u00f3n de spam. Anonymized string created from [&hellip;]<\/p>\n","protected":false},"author":1,"featured_media":0,"parent":0,"menu_order":0,"comment_status":"closed","ping_status":"closed","template":"","meta":{"footnotes":""},"class_list":["post-585","page","type-page","status-publish","hentry"],"yoast_head":"<!-- This site is optimized with the Yoast SEO plugin v26.2 - https:\/\/yoast.com\/wordpress\/plugins\/seo\/ -->\n<title>Privacy Policy - Montserrat Vinyets<\/title>\n<meta name=\"robots\" content=\"index, follow, max-snippet:-1, max-image-preview:large, max-video-preview:-1\" \/>\n<link rel=\"canonical\" href=\"https:\/\/montserratvinyets.cat\/es\/privacy-policy\/\" \/>\n<meta property=\"og:locale\" content=\"es_ES\" \/>\n<meta property=\"og:type\" content=\"article\" \/>\n<meta property=\"og:title\" content=\"Privacy Policy - Montserrat Vinyets\" \/>\n<meta property=\"og:description\" content=\"Who we are Sugested text: Our website address is: https:\/\/montserratvinyets.cat. Comments Sugerido texto: Los visitantes lean comentarios en el sitio de la colecci\u00f3n de fechas se muestran en los comentarios completos, y tambi\u00e9n en los visitores de IP adress y navegador de usuario agente de string para obtener detecci\u00f3n de spam. Anonymized string created from [&hellip;]\" \/>\n<meta property=\"og:url\" content=\"https:\/\/montserratvinyets.cat\/es\/privacy-policy\/\" \/>\n<meta property=\"og:site_name\" content=\"Montserrat Vinyets\" \/>\n<meta property=\"article:modified_time\" content=\"2025-10-10T10:58:07+00:00\" \/>\n<meta name=\"twitter:card\" content=\"summary_large_image\" \/>\n<meta name=\"twitter:label1\" content=\"Tiempo de lectura\" \/>\n\t<meta name=\"twitter:data1\" content=\"3 minutos\" \/>\n<script type=\"application\/ld+json\" class=\"yoast-schema-graph\">{\"@context\":\"https:\/\/schema.org\",\"@graph\":[{\"@type\":\"WebPage\",\"@id\":\"https:\/\/montserratvinyets.cat\/es\/privacy-policy\/\",\"url\":\"https:\/\/montserratvinyets.cat\/es\/privacy-policy\/\",\"name\":\"Privacy Policy - Montserrat Vinyets\",\"isPartOf\":{\"@id\":\"https:\/\/montserratvinyets.cat\/es\/#website\"},\"datePublished\":\"2025-05-07T11:47:29+00:00\",\"dateModified\":\"2025-10-10T10:58:07+00:00\",\"breadcrumb\":{\"@id\":\"https:\/\/montserratvinyets.cat\/es\/privacy-policy\/#breadcrumb\"},\"inLanguage\":\"es\",\"potentialAction\":[{\"@type\":\"ReadAction\",\"target\":[\"https:\/\/montserratvinyets.cat\/es\/privacy-policy\/\"]}]},{\"@type\":\"BreadcrumbList\",\"@id\":\"https:\/\/montserratvinyets.cat\/es\/privacy-policy\/#breadcrumb\",\"itemListElement\":[{\"@type\":\"ListItem\",\"position\":1,\"name\":\"Inici\",\"item\":\"https:\/\/montserratvinyets.cat\/es\/\"},{\"@type\":\"ListItem\",\"position\":2,\"name\":\"Privacy Policy\"}]},{\"@type\":\"WebSite\",\"@id\":\"https:\/\/montserratvinyets.cat\/es\/#website\",\"url\":\"https:\/\/montserratvinyets.cat\/es\/\",\"name\":\"Montserrat Vinyets. Advocada\",\"description\":\"Advocada especialista en dret penal i civil\",\"publisher\":{\"@id\":\"https:\/\/montserratvinyets.cat\/es\/#organization\"},\"potentialAction\":[{\"@type\":\"SearchAction\",\"target\":{\"@type\":\"EntryPoint\",\"urlTemplate\":\"https:\/\/montserratvinyets.cat\/es\/?s={search_term_string}\"},\"query-input\":{\"@type\":\"PropertyValueSpecification\",\"valueRequired\":true,\"valueName\":\"search_term_string\"}}],\"inLanguage\":\"es\"},{\"@type\":\"Organization\",\"@id\":\"https:\/\/montserratvinyets.cat\/es\/#organization\",\"name\":\"Montserrat Vinyets\",\"url\":\"https:\/\/montserratvinyets.cat\/es\/\",\"logo\":{\"@type\":\"ImageObject\",\"inLanguage\":\"es\",\"@id\":\"https:\/\/montserratvinyets.cat\/es\/#\/schema\/logo\/image\/\",\"url\":\"https:\/\/montserratvinyets.cat\/wp-content\/uploads\/2025\/05\/d596c845fc5eb5f962d6827bb78852fd.png\",\"contentUrl\":\"https:\/\/montserratvinyets.cat\/wp-content\/uploads\/2025\/05\/d596c845fc5eb5f962d6827bb78852fd.png\",\"width\":133,\"height\":135,\"caption\":\"Montserrat Vinyets\"},\"image\":{\"@id\":\"https:\/\/montserratvinyets.cat\/es\/#\/schema\/logo\/image\/\"}}]}<\/script>\n<!-- \/ Yoast SEO plugin. -->","yoast_head_json":{"title":"Privacy Policy - Montserrat Vinyets","robots":{"index":"index","follow":"follow","max-snippet":"max-snippet:-1","max-image-preview":"max-image-preview:large","max-video-preview":"max-video-preview:-1"},"canonical":"https:\/\/montserratvinyets.cat\/es\/privacy-policy\/","og_locale":"es_ES","og_type":"article","og_title":"Privacy Policy - Montserrat Vinyets","og_description":"Who we are Sugested text: Our website address is: https:\/\/montserratvinyets.cat. Comments Sugerido texto: Los visitantes lean comentarios en el sitio de la colecci\u00f3n de fechas se muestran en los comentarios completos, y tambi\u00e9n en los visitores de IP adress y navegador de usuario agente de string para obtener detecci\u00f3n de spam. Anonymized string created from [&hellip;]","og_url":"https:\/\/montserratvinyets.cat\/es\/privacy-policy\/","og_site_name":"Montserrat Vinyets","article_modified_time":"2025-10-10T10:58:07+00:00","twitter_card":"summary_large_image","twitter_misc":{"Tiempo de lectura":"3 minutos"},"schema":{"@context":"https:\/\/schema.org","@graph":[{"@type":"WebPage","@id":"https:\/\/montserratvinyets.cat\/es\/privacy-policy\/","url":"https:\/\/montserratvinyets.cat\/es\/privacy-policy\/","name":"Privacy Policy - Montserrat Vinyets","isPartOf":{"@id":"https:\/\/montserratvinyets.cat\/es\/#website"},"datePublished":"2025-05-07T11:47:29+00:00","dateModified":"2025-10-10T10:58:07+00:00","breadcrumb":{"@id":"https:\/\/montserratvinyets.cat\/es\/privacy-policy\/#breadcrumb"},"inLanguage":"es","potentialAction":[{"@type":"ReadAction","target":["https:\/\/montserratvinyets.cat\/es\/privacy-policy\/"]}]},{"@type":"BreadcrumbList","@id":"https:\/\/montserratvinyets.cat\/es\/privacy-policy\/#breadcrumb","itemListElement":[{"@type":"ListItem","position":1,"name":"Inici","item":"https:\/\/montserratvinyets.cat\/es\/"},{"@type":"ListItem","position":2,"name":"Privacy Policy"}]},{"@type":"WebSite","@id":"https:\/\/montserratvinyets.cat\/es\/#website","url":"https:\/\/montserratvinyets.cat\/es\/","name":"Montserrat Vinyets. Advocada","description":"Advocada especialista en dret penal i civil","publisher":{"@id":"https:\/\/montserratvinyets.cat\/es\/#organization"},"potentialAction":[{"@type":"SearchAction","target":{"@type":"EntryPoint","urlTemplate":"https:\/\/montserratvinyets.cat\/es\/?s={search_term_string}"},"query-input":{"@type":"PropertyValueSpecification","valueRequired":true,"valueName":"search_term_string"}}],"inLanguage":"es"},{"@type":"Organization","@id":"https:\/\/montserratvinyets.cat\/es\/#organization","name":"Montserrat Vinyets","url":"https:\/\/montserratvinyets.cat\/es\/","logo":{"@type":"ImageObject","inLanguage":"es","@id":"https:\/\/montserratvinyets.cat\/es\/#\/schema\/logo\/image\/","url":"https:\/\/montserratvinyets.cat\/wp-content\/uploads\/2025\/05\/d596c845fc5eb5f962d6827bb78852fd.png","contentUrl":"https:\/\/montserratvinyets.cat\/wp-content\/uploads\/2025\/05\/d596c845fc5eb5f962d6827bb78852fd.png","width":133,"height":135,"caption":"Montserrat Vinyets"},"image":{"@id":"https:\/\/montserratvinyets.cat\/es\/#\/schema\/logo\/image\/"}}]}},"_links":{"self":[{"href":"https:\/\/montserratvinyets.cat\/es\/wp-json\/wp\/v2\/pages\/585","targetHints":{"allow":["GET"]}}],"collection":[{"href":"https:\/\/montserratvinyets.cat\/es\/wp-json\/wp\/v2\/pages"}],"about":[{"href":"https:\/\/montserratvinyets.cat\/es\/wp-json\/wp\/v2\/types\/page"}],"author":[{"embeddable":true,"href":"https:\/\/montserratvinyets.cat\/es\/wp-json\/wp\/v2\/users\/1"}],"replies":[{"embeddable":true,"href":"https:\/\/montserratvinyets.cat\/es\/wp-json\/wp\/v2\/comments?post=585"}],"version-history":[{"count":1,"href":"https:\/\/montserratvinyets.cat\/es\/wp-json\/wp\/v2\/pages\/585\/revisions"}],"predecessor-version":[{"id":586,"href":"https:\/\/montserratvinyets.cat\/es\/wp-json\/wp\/v2\/pages\/585\/revisions\/586"}],"wp:attachment":[{"href":"https:\/\/montserratvinyets.cat\/es\/wp-json\/wp\/v2\/media?parent=585"}],"curies":[{"name":"wp","href":"https:\/\/api.w.org\/{rel}","templated":true}]}}